{"id":900,"date":"2021-06-23T14:30:04","date_gmt":"2021-06-23T12:30:04","guid":{"rendered":"http:\/\/komorawpms.sk\/?page_id=900"},"modified":"2026-02-12T14:52:49","modified_gmt":"2026-02-12T13:52:49","slug":"clenstvo","status":"publish","type":"page","link":"https:\/\/komorawpms.sk\/?page_id=900","title":{"rendered":"\u010clenstvo"},"content":{"rendered":"\t\t<div data-elementor-type=\"wp-page\" data-elementor-id=\"900\" class=\"elementor elementor-900\" data-elementor-settings=\"[]\">\n\t\t\t\t\t\t\t<div class=\"elementor-section-wrap\">\n\t\t\t\t\t\t\t<section class=\"elementor-section elementor-top-section elementor-element elementor-element-48e9e70 elementor-section-boxed elementor-section-height-default elementor-section-height-default\" data-id=\"48e9e70\" data-element_type=\"section\" data-settings=\"{&quot;background_background&quot;:&quot;classic&quot;}\">\n\t\t\t\t\t\t\t<div class=\"elementor-background-overlay\"><\/div>\n\t\t\t\t\t\t\t<div class=\"elementor-container elementor-column-gap-no\">\n\t\t\t\t\t<div class=\"elementor-column elementor-col-100 elementor-top-column elementor-element elementor-element-4481634\" data-id=\"4481634\" data-element_type=\"column\">\n\t\t\t<div class=\"elementor-widget-wrap elementor-element-populated\">\n\t\t\t\t\t\t\t\t<div class=\"elementor-element elementor-element-9c78992 elementor-widget elementor-widget-heading\" data-id=\"9c78992\" data-element_type=\"widget\" data-widget_type=\"heading.default\">\n\t\t\t\t<div class=\"elementor-widget-container\">\n\t\t\t<h2 class=\"elementor-heading-title elementor-size-xl\">\u010clenstvo<\/h2>\t\t<\/div>\n\t\t\t\t<\/div>\n\t\t\t\t<div class=\"elementor-element elementor-element-88927e6 elementor-widget elementor-widget-alert\" data-id=\"88927e6\" data-element_type=\"widget\" data-widget_type=\"alert.default\">\n\t\t\t\t<div class=\"elementor-widget-container\">\n\t\t\t\t\t<div class=\"elementor-alert elementor-alert-info\" role=\"alert\">\n\t\t\t<span class=\"elementor-alert-title\">Upozornenie<\/span>\n\t\t\t\t\t\t\t<span class=\"elementor-alert-description\">Pros\u00edm kontaktujte n\u00e1s telefonicky alebo mailom ak m\u00e1te nejak\u00e9 ot\u00e1zky oh\u013eadom \u010dlenstva v Slovenskej komore mas\u00e9rskych slu\u017eieb a wellness pracovn\u00edkov. <\/span>\n\t\t\t\t\t\t\t\t\t\t<button type=\"button\" class=\"elementor-alert-dismiss\">\n\t\t\t\t\t<span aria-hidden=\"true\">&times;<\/span>\n\t\t\t\t\t<span class=\"elementor-screen-only\">Zru\u0161i\u0165 upozornenie<\/span>\n\t\t\t\t<\/button>\n\t\t\t\t\t<\/div>\n\t\t\t\t<\/div>\n\t\t\t\t<\/div>\n\t\t\t\t<div class=\"elementor-element elementor-element-7db6cb4 elementor-widget elementor-widget-text-editor\" data-id=\"7db6cb4\" data-element_type=\"widget\" data-widget_type=\"text-editor.default\">\n\t\t\t\t<div class=\"elementor-widget-container\">\n\t\t\t\t\t\t\t\t\t\t\t\t\t<\/div>\n\t\t\t\t<\/div>\n\t\t\t\t\t<\/div>\n\t\t<\/div>\n\t\t\t\t\t\t\t<\/div>\n\t\t<\/section>\n\t\t\t\t<section class=\"elementor-section elementor-top-section elementor-element elementor-element-82fecd6 elementor-section-content-middle elementor-section-boxed elementor-section-height-default elementor-section-height-default\" data-id=\"82fecd6\" data-element_type=\"section\">\n\t\t\t\t\t\t<div class=\"elementor-container elementor-column-gap-no\">\n\t\t\t\t\t<div class=\"elementor-column elementor-col-33 elementor-top-column elementor-element elementor-element-f69e819\" data-id=\"f69e819\" data-element_type=\"column\">\n\t\t\t<div class=\"elementor-widget-wrap elementor-element-populated\">\n\t\t\t\t\t\t\t\t<div class=\"elementor-element elementor-element-f6e8492 elementor-widget elementor-widget-heading\" data-id=\"f6e8492\" data-element_type=\"widget\" data-widget_type=\"heading.default\">\n\t\t\t\t<div class=\"elementor-widget-container\">\n\t\t\t<h2 class=\"elementor-heading-title elementor-size-default\">\u010clenstvo v komore\n<\/h2>\t\t<\/div>\n\t\t\t\t<\/div>\n\t\t\t\t\t<\/div>\n\t\t<\/div>\n\t\t\t\t<div class=\"elementor-column elementor-col-66 elementor-top-column elementor-element elementor-element-e16f0cf\" data-id=\"e16f0cf\" data-element_type=\"column\">\n\t\t\t<div class=\"elementor-widget-wrap elementor-element-populated\">\n\t\t\t\t\t\t\t\t<div class=\"elementor-element elementor-element-242b535 elementor-widget elementor-widget-text-editor\" data-id=\"242b535\" data-element_type=\"widget\" data-widget_type=\"text-editor.default\">\n\t\t\t\t<div class=\"elementor-widget-container\">\n\t\t\t\t\t\t\t<p><b>\u010clenom sa m\u00f4\u017ee sta\u0165 ka\u017ed\u00fd, kto:<\/b><b><\/b><\/p><ul><li style=\"list-style-type: none;\"><ul><li>Akt\u00edvne vykon\u00e1va mas\u00e9rsku prax ako samostatne z\u00e1robkovo \u010dinn\u00e1 osoba alebo je zamestnan\u00fd v tomto odbore.<\/li><li>M\u00e1 vzdelanie v s\u00falade s aktu\u00e1lne platnou legislat\u00edvou.<\/li><\/ul><\/li><\/ul>\t\t\t\t\t\t<\/div>\n\t\t\t\t<\/div>\n\t\t\t\t\t<\/div>\n\t\t<\/div>\n\t\t\t\t\t\t\t<\/div>\n\t\t<\/section>\n\t\t\t\t<section class=\"elementor-section elementor-top-section elementor-element elementor-element-ce7ec38 elementor-section-content-middle elementor-section-boxed elementor-section-height-default elementor-section-height-default\" data-id=\"ce7ec38\" data-element_type=\"section\">\n\t\t\t\t\t\t<div class=\"elementor-container elementor-column-gap-no\">\n\t\t\t\t\t<div class=\"elementor-column elementor-col-33 elementor-top-column elementor-element elementor-element-c89b20a\" data-id=\"c89b20a\" data-element_type=\"column\">\n\t\t\t<div class=\"elementor-widget-wrap elementor-element-populated\">\n\t\t\t\t\t\t\t\t<div class=\"elementor-element elementor-element-b902117 elementor-widget elementor-widget-heading\" data-id=\"b902117\" data-element_type=\"widget\" data-widget_type=\"heading.default\">\n\t\t\t\t<div class=\"elementor-widget-container\">\n\t\t\t<h2 class=\"elementor-heading-title elementor-size-default\">V\u00fdhody<\/h2>\t\t<\/div>\n\t\t\t\t<\/div>\n\t\t\t\t\t<\/div>\n\t\t<\/div>\n\t\t\t\t<div class=\"elementor-column elementor-col-66 elementor-top-column elementor-element elementor-element-34ba088\" data-id=\"34ba088\" data-element_type=\"column\">\n\t\t\t<div class=\"elementor-widget-wrap elementor-element-populated\">\n\t\t\t\t\t\t\t\t<div class=\"elementor-element elementor-element-501927b elementor-widget elementor-widget-text-editor\" data-id=\"501927b\" data-element_type=\"widget\" data-widget_type=\"text-editor.default\">\n\t\t\t\t<div class=\"elementor-widget-container\">\n\t\t\t\t\t\t\t<p><b>V\u00fdhody \u010dlenstva<\/b><\/p><ul><li><b>Certifik\u00e1t o \u010dlenstve<br \/><\/b>Ofici\u00e1lny doklad potvrdzuj\u00faci va\u0161e \u010dlenstvo v prest\u00ed\u017enej profesijnej organiz\u00e1cii.<\/li><li><b>Z\u013eavy na kurzy a podujatia<\/b> <br \/>Zv\u00fdhodnen\u00e9 ceny na vzdel\u00e1vacie akcie organizovan\u00e9 na\u0161ou komorou a jej partnermi.<\/li><li><b>Mesa\u010dn\u00e9 webin\u00e1re za symbolick\u00fd poplatok 10 \u20ac\u00a0<br \/><\/b>Pre \u010dlenov pon\u00fakame ka\u017ed\u00fd mesiac odborn\u00e9 webin\u00e1re, kde m\u00f4\u017eete konzultova\u0165 probl\u00e9my z praxe, z\u00edska\u0165 nov\u00e9 poznatky a zdie\u013ea\u0165 sk\u00fasenosti s kolegami.<\/li><\/ul>\t\t\t\t\t\t<\/div>\n\t\t\t\t<\/div>\n\t\t\t\t\t<\/div>\n\t\t<\/div>\n\t\t\t\t\t\t\t<\/div>\n\t\t<\/section>\n\t\t\t\t<section class=\"elementor-section elementor-top-section elementor-element elementor-element-d32f129 elementor-section-content-middle elementor-section-boxed elementor-section-height-default elementor-section-height-default\" data-id=\"d32f129\" data-element_type=\"section\">\n\t\t\t\t\t\t<div class=\"elementor-container elementor-column-gap-no\">\n\t\t\t\t\t<div class=\"elementor-column elementor-col-33 elementor-top-column elementor-element elementor-element-5654369\" data-id=\"5654369\" data-element_type=\"column\">\n\t\t\t<div class=\"elementor-widget-wrap elementor-element-populated\">\n\t\t\t\t\t\t\t\t<div class=\"elementor-element elementor-element-8924e5b elementor-widget elementor-widget-heading\" data-id=\"8924e5b\" data-element_type=\"widget\" data-widget_type=\"heading.default\">\n\t\t\t\t<div class=\"elementor-widget-container\">\n\t\t\t<h2 class=\"elementor-heading-title elementor-size-default\">Registr\u00e1cia<\/h2>\t\t<\/div>\n\t\t\t\t<\/div>\n\t\t\t\t\t<\/div>\n\t\t<\/div>\n\t\t\t\t<div class=\"elementor-column elementor-col-66 elementor-top-column elementor-element elementor-element-2be9d62\" data-id=\"2be9d62\" data-element_type=\"column\">\n\t\t\t<div class=\"elementor-widget-wrap elementor-element-populated\">\n\t\t\t\t\t\t\t\t<div class=\"elementor-element elementor-element-0a6b473 elementor-widget elementor-widget-text-editor\" data-id=\"0a6b473\" data-element_type=\"widget\" data-widget_type=\"text-editor.default\">\n\t\t\t\t<div class=\"elementor-widget-container\">\n\t\t\t\t\t\t\t<p><b>Postup pri registr\u00e1cii<\/b><\/p><p><b>1. Stiahnite si a vypl\u0148te tla\u010divo &#8211; <a href=\"http:\/\/komorawpms.sk\/wp-content\/uploads\/2025\/02\/Prihlaska-za-clena-komory.pdf\" target=\"_blank\" rel=\"noopener\">Prihl\u00e1\u0161ka za \u010dlena komory<\/a><\/b><b><\/b><\/p><p><b>2. Prilo\u017ete nasleduj\u00face dokumenty a po\u0161lite n\u00e1m to <\/b>bu\u010f elektronicky na e-mail <strong>vrutky@komorawpms.sk<\/strong> alebo po\u0161tou na adresu: Slovensk\u00e1 komora mas\u00e9rskych slu\u017eieb a wellness pracovn\u00edkov\u00a0\u00a0<span style=\"font-style: inherit;\">Sv. Cyrila a Metoda 25,\u00a0<\/span><span style=\"font-style: inherit;\">03861 Vr\u00fatky<\/span><b><\/b><\/p><ul><li>K\u00f3pia dokladu o odbornej sp\u00f4sobilosti v odbore Wellness pracovn\u00edk mas\u00e9rske slu\u017eby alebo Mas\u00e9r.<\/li><\/ul><p><strong>3<\/strong>. <strong>My v\u00e1m vystav\u00edme a za\u0161leme fakt\u00faru na \u00fahradu \u010dlensk\u00e9ho poplatku.<\/strong> <strong>Po prip\u00edsan\u00ed platby na \u00fa\u010det<\/strong>\u00a0komory<strong>\u00a0SKMSWP<\/strong> V\u00e1m odo\u0161leme Certifik\u00e1t \u010dlena komory a potvrdenie o z\u00e1pise do registra do 10 pracovn\u00fdch dn\u00ed na va\u0161u adresu uveden\u00fa v prihl\u00e1\u0161ke.<\/p><p><b>Z\u00e1pis do registra<\/b><\/p><p><span style=\"font-style: inherit;\">Registr\u00e1cia predstavuje z\u00e1pis wellness pracovn\u00edka do registra a vydanie potvrdenia o registr\u00e1cii. Komora zap\u00ed\u0161e wellness pracovn\u00edka do registra do <\/span><b style=\"font-style: inherit;\">10 dn\u00ed<\/b><span style=\"font-style: inherit;\"> od doru\u010denia ozn\u00e1menia a po\u017eadovan\u00fdch dokladov.<\/span><\/p><p>Potvrdenie o registr\u00e1cii obsahuje d\u00e1tum registr\u00e1cie a pridelen\u00e9 registra\u010dn\u00e9 \u010d\u00edslo, ktor\u00e9 sa pou\u017e\u00edva ako variabiln\u00fd symbol pri platb\u00e1ch a komunik\u00e1cii s komorou.<\/p><p><b>D\u00f4le\u017eit\u00e9:<\/b> Z\u00e1pisom do registra SKMSWP \u00a0sa st\u00e1vate \u010dlenom komory. \u010clenstvo je dobrovo\u013en\u00e9.<\/p>\t\t\t\t\t\t<\/div>\n\t\t\t\t<\/div>\n\t\t\t\t\t<\/div>\n\t\t<\/div>\n\t\t\t\t\t\t\t<\/div>\n\t\t<\/section>\n\t\t\t\t<section class=\"elementor-section elementor-top-section elementor-element elementor-element-be9b409 elementor-section-content-middle elementor-section-boxed elementor-section-height-default elementor-section-height-default\" data-id=\"be9b409\" data-element_type=\"section\">\n\t\t\t\t\t\t<div class=\"elementor-container elementor-column-gap-no\">\n\t\t\t\t\t<div class=\"elementor-column elementor-col-33 elementor-top-column elementor-element elementor-element-9eda190\" data-id=\"9eda190\" data-element_type=\"column\">\n\t\t\t<div class=\"elementor-widget-wrap elementor-element-populated\">\n\t\t\t\t\t\t\t\t<div class=\"elementor-element elementor-element-d6cb65e elementor-widget elementor-widget-heading\" data-id=\"d6cb65e\" data-element_type=\"widget\" data-widget_type=\"heading.default\">\n\t\t\t\t<div class=\"elementor-widget-container\">\n\t\t\t<h2 class=\"elementor-heading-title elementor-size-default\">\u010clensk\u00e9 poplatky<\/h2>\t\t<\/div>\n\t\t\t\t<\/div>\n\t\t\t\t\t<\/div>\n\t\t<\/div>\n\t\t\t\t<div class=\"elementor-column elementor-col-66 elementor-top-column elementor-element elementor-element-ef2ce74\" data-id=\"ef2ce74\" data-element_type=\"column\">\n\t\t\t<div class=\"elementor-widget-wrap elementor-element-populated\">\n\t\t\t\t\t\t\t\t<div class=\"elementor-element elementor-element-e68d0bb elementor-widget elementor-widget-text-editor\" data-id=\"e68d0bb\" data-element_type=\"widget\" data-widget_type=\"text-editor.default\">\n\t\t\t\t<div class=\"elementor-widget-container\">\n\t\t\t\t\t\t\t<p><strong>Poplatky spojen\u00e9 s\u00a0\u010dlenstvom<\/strong><\/p><ul><li><b>Vstupn\u00fd poplatok:<\/b> 35 \u20ac (plat\u00ed sa pri prvej registr\u00e1cii do komory).<\/li><li><b>Udr\u017eiavacie \u010dlensk\u00e9:<\/b> Zn\u00ed\u017een\u00e1 suma, ktor\u00e1 sa plat\u00ed v nasleduj\u00facich rokoch pre udr\u017eanie \u010dlenstva.<\/li><\/ul>\t\t\t\t\t\t<\/div>\n\t\t\t\t<\/div>\n\t\t\t\t\t<\/div>\n\t\t<\/div>\n\t\t\t\t\t\t\t<\/div>\n\t\t<\/section>\n\t\t\t\t<section class=\"elementor-section elementor-top-section elementor-element elementor-element-63f2802 elementor-section-content-middle elementor-section-boxed elementor-section-height-default elementor-section-height-default\" data-id=\"63f2802\" data-element_type=\"section\">\n\t\t\t\t\t\t<div class=\"elementor-container elementor-column-gap-no\">\n\t\t\t\t\t<div class=\"elementor-column elementor-col-33 elementor-top-column elementor-element elementor-element-a97371c\" data-id=\"a97371c\" data-element_type=\"column\">\n\t\t\t<div class=\"elementor-widget-wrap elementor-element-populated\">\n\t\t\t\t\t\t\t\t<div class=\"elementor-element elementor-element-7c068b6 elementor-widget elementor-widget-heading\" data-id=\"7c068b6\" data-element_type=\"widget\" data-widget_type=\"heading.default\">\n\t\t\t\t<div class=\"elementor-widget-container\">\n\t\t\t<h2 class=\"elementor-heading-title elementor-size-default\">Pr\u00e1va a povinnosti \u010dlenov\n<\/h2>\t\t<\/div>\n\t\t\t\t<\/div>\n\t\t\t\t\t<\/div>\n\t\t<\/div>\n\t\t\t\t<div class=\"elementor-column elementor-col-66 elementor-top-column elementor-element elementor-element-46d39b2\" data-id=\"46d39b2\" data-element_type=\"column\">\n\t\t\t<div class=\"elementor-widget-wrap elementor-element-populated\">\n\t\t\t\t\t\t\t\t<div class=\"elementor-element elementor-element-5d98a6c elementor-widget elementor-widget-text-editor\" data-id=\"5d98a6c\" data-element_type=\"widget\" data-widget_type=\"text-editor.default\">\n\t\t\t\t<div class=\"elementor-widget-container\">\n\t\t\t\t\t\t\t<p><strong>Pr\u00e1va a\u00a0povinnosti \u010dlenov<\/strong><\/p><ol><li>\u010clen SKMSWP m\u00e1 pr\u00e1vo:<\/li><li>voli\u0165 a\u00a0by\u0165 volen\u00fd do org\u00e1nov SKMSWP,<\/li><li>predklada\u0165 n\u00e1vrhy a\u00a0podnety pre pr\u00e1cu SKMSWP,<\/li><li>predklada\u0165 kritick\u00e9 pripomienky a\u00a0s\u0165a\u017enosti org\u00e1nom SKMSWP,<\/li><li>obraca\u0165 sa na pr\u00edslu\u0161n\u00e9 org\u00e1ny SKMSWP so \u017eiados\u0165ou o\u00a0pomoc pri rie\u0161en\u00ed profesijn\u00fdch a\u00a0odborn\u00fdch probl\u00e9mov,<\/li><li>informova\u0165 o\u00a0svojich aktivit\u00e1ch v\u00a0publik\u00e1ci\u00e1ch a\u00a0\u010dasopise SKMSWP.<\/li><li>\u010clen je povinn\u00fd:<\/li><li>podie\u013ea\u0165 sa na \u010dinnosti SKMSWP, vystupova\u0165 v\u00a0s\u00falade s\u00a0jej poslan\u00edm a\u00a0cie\u013emi, chr\u00e1ni\u0165 a\u00a0presadzova\u0165 jej z\u00e1ujmy a\u00a0dobr\u00e9 meno,<\/li><li>dodr\u017eiava\u0165 stanovy, etick\u00fd k\u00f3dex a\u00a0\u010fal\u0161ie dokumenty SKMSWP,<\/li><\/ol><p>uhr\u00e1dza\u0165 v\u00a0stanovenom term\u00edne a\u00a0stanovenej v\u00fd\u0161ke \u010dlensk\u00e9 pr\u00edspevky.<\/p>\t\t\t\t\t\t<\/div>\n\t\t\t\t<\/div>\n\t\t\t\t\t<\/div>\n\t\t<\/div>\n\t\t\t\t\t\t\t<\/div>\n\t\t<\/section>\n\t\t\t\t\t\t<\/div>\n\t\t\t\t\t<\/div>\n\t\t","protected":false},"excerpt":{"rendered":"<p>\u010clenstvo Upozornenie Pros\u00edm kontaktujte n\u00e1s telefonicky alebo mailom ak m\u00e1te nejak\u00e9 ot\u00e1zky oh\u013eadom \u010dlenstva v Slovenskej komore mas\u00e9rskych slu\u017eieb a wellness pracovn\u00edkov. &times; Zru\u0161i\u0165 upozornenie \u010clenstvo v komore \u010clenom sa m\u00f4\u017ee sta\u0165 ka\u017ed\u00fd, kto: Akt\u00edvne vykon\u00e1va mas\u00e9rsku prax ako samostatne z\u00e1robkovo \u010dinn\u00e1 osoba alebo je zamestnan\u00fd v tomto odbore. M\u00e1 vzdelanie v s\u00falade s aktu\u00e1lne &hellip;<\/p>\n<p class=\"read-more\"> <a class=\"\" href=\"https:\/\/komorawpms.sk\/?page_id=900\"> <span class=\"screen-reader-text\">\u010clenstvo<\/span> \u010c\u00edtajte viac &raquo;<\/a><\/p>\n","protected":false},"author":1,"featured_media":0,"parent":0,"menu_order":0,"comment_status":"closed","ping_status":"closed","template":"","meta":{"footnotes":""},"class_list":["post-900","page","type-page","status-publish","hentry"],"_links":{"self":[{"href":"https:\/\/komorawpms.sk\/index.php?rest_route=\/wp\/v2\/pages\/900","targetHints":{"allow":["GET"]}}],"collection":[{"href":"https:\/\/komorawpms.sk\/index.php?rest_route=\/wp\/v2\/pages"}],"about":[{"href":"https:\/\/komorawpms.sk\/index.php?rest_route=\/wp\/v2\/types\/page"}],"author":[{"embeddable":true,"href":"https:\/\/komorawpms.sk\/index.php?rest_route=\/wp\/v2\/users\/1"}],"replies":[{"embeddable":true,"href":"https:\/\/komorawpms.sk\/index.php?rest_route=%2Fwp%2Fv2%2Fcomments&post=900"}],"version-history":[{"count":61,"href":"https:\/\/komorawpms.sk\/index.php?rest_route=\/wp\/v2\/pages\/900\/revisions"}],"predecessor-version":[{"id":3345,"href":"https:\/\/komorawpms.sk\/index.php?rest_route=\/wp\/v2\/pages\/900\/revisions\/3345"}],"wp:attachment":[{"href":"https:\/\/komorawpms.sk\/index.php?rest_route=%2Fwp%2Fv2%2Fmedia&parent=900"}],"curies":[{"name":"wp","href":"https:\/\/api.w.org\/{rel}","templated":true}]}}