{"id":3430,"date":"2026-03-20T12:13:14","date_gmt":"2026-03-20T11:13:14","guid":{"rendered":"https:\/\/komorawpms.sk\/?page_id=3430"},"modified":"2026-03-31T11:54:38","modified_gmt":"2026-03-31T09:54:38","slug":"online-webinare","status":"publish","type":"page","link":"https:\/\/komorawpms.sk\/?page_id=3430","title":{"rendered":"Online webin\u00e1re"},"content":{"rendered":"\t\t<div data-elementor-type=\"wp-page\" data-elementor-id=\"3430\" class=\"elementor elementor-3430\" data-elementor-settings=\"[]\">\n\t\t\t\t\t\t\t<div class=\"elementor-section-wrap\">\n\t\t\t\t\t\t\t<section class=\"elementor-section elementor-top-section elementor-element elementor-element-48e9e70 elementor-section-boxed elementor-section-height-default elementor-section-height-default\" data-id=\"48e9e70\" data-element_type=\"section\" data-settings=\"{&quot;background_background&quot;:&quot;classic&quot;}\">\n\t\t\t\t\t\t\t<div class=\"elementor-background-overlay\"><\/div>\n\t\t\t\t\t\t\t<div class=\"elementor-container elementor-column-gap-no\">\n\t\t\t\t\t<div class=\"elementor-column elementor-col-100 elementor-top-column elementor-element elementor-element-4481634\" data-id=\"4481634\" data-element_type=\"column\">\n\t\t\t<div class=\"elementor-widget-wrap elementor-element-populated\">\n\t\t\t\t\t\t\t\t<div class=\"elementor-element elementor-element-9c78992 elementor-widget elementor-widget-heading\" data-id=\"9c78992\" data-element_type=\"widget\" data-widget_type=\"heading.default\">\n\t\t\t\t<div class=\"elementor-widget-container\">\n\t\t\t<h2 class=\"elementor-heading-title elementor-size-xl\">Online webin\u00e1re<\/h2>\t\t<\/div>\n\t\t\t\t<\/div>\n\t\t\t\t<div class=\"elementor-element elementor-element-7db6cb4 elementor-widget elementor-widget-text-editor\" data-id=\"7db6cb4\" data-element_type=\"widget\" data-widget_type=\"text-editor.default\">\n\t\t\t\t<div class=\"elementor-widget-container\">\n\t\t\t\t\t\t\t<p data-start=\"359\" data-end=\"497\">Slovensk\u00e1 komora mas\u00e9rskych slu\u017eieb a wellness pracovn\u00edkov organizuje online webin\u00e1re v spolupr\u00e1ci s <strong data-start=\"470\" data-end=\"496\">Mas\u00e9rskou \u0161kolou ZAMAS<\/strong>.<\/p><p data-start=\"359\" data-end=\"497\"><span style=\"color: #ff9900;\"><a style=\"color: #ff9900;\" href=\"https:\/\/www.zamas.sk\/\">https:\/\/www.zamas.sk\/<\/a>\u00a0<\/span><\/p>\t\t\t\t\t\t<\/div>\n\t\t\t\t<\/div>\n\t\t\t\t\t<\/div>\n\t\t<\/div>\n\t\t\t\t\t\t\t<\/div>\n\t\t<\/section>\n\t\t\t\t<section class=\"elementor-section elementor-top-section elementor-element elementor-element-b67c3ee elementor-section-boxed elementor-section-height-default elementor-section-height-default\" data-id=\"b67c3ee\" data-element_type=\"section\">\n\t\t\t\t\t\t<div class=\"elementor-container elementor-column-gap-default\">\n\t\t\t\t\t<div class=\"elementor-column elementor-col-100 elementor-top-column elementor-element elementor-element-1dfe522\" data-id=\"1dfe522\" data-element_type=\"column\">\n\t\t\t<div class=\"elementor-widget-wrap elementor-element-populated\">\n\t\t\t\t\t\t\t\t<section class=\"elementor-section elementor-inner-section elementor-element elementor-element-57c27c2 elementor-section-boxed elementor-section-height-default elementor-section-height-default\" data-id=\"57c27c2\" data-element_type=\"section\">\n\t\t\t\t\t\t<div class=\"elementor-container elementor-column-gap-default\">\n\t\t\t\t\t<div class=\"elementor-column elementor-col-50 elementor-inner-column elementor-element elementor-element-71e682f\" data-id=\"71e682f\" data-element_type=\"column\">\n\t\t\t<div class=\"elementor-widget-wrap elementor-element-populated\">\n\t\t\t\t\t\t\t\t<div class=\"elementor-element elementor-element-8e7793f elementor-widget elementor-widget-heading\" data-id=\"8e7793f\" data-element_type=\"widget\" data-widget_type=\"heading.default\">\n\t\t\t\t<div class=\"elementor-widget-container\">\n\t\t\t<h2 class=\"elementor-heading-title elementor-size-default\">\u0160kola umelej inteligencie<\/h2>\t\t<\/div>\n\t\t\t\t<\/div>\n\t\t\t\t\t<\/div>\n\t\t<\/div>\n\t\t\t\t<div class=\"elementor-column elementor-col-50 elementor-inner-column elementor-element elementor-element-a55d2e0\" data-id=\"a55d2e0\" data-element_type=\"column\">\n\t\t\t<div class=\"elementor-widget-wrap elementor-element-populated\">\n\t\t\t\t\t\t\t\t<div class=\"elementor-element elementor-element-4aa460b elementor-widget elementor-widget-text-editor\" data-id=\"4aa460b\" data-element_type=\"widget\" data-widget_type=\"text-editor.default\">\n\t\t\t\t<div class=\"elementor-widget-container\">\n\t\t\t\t\t\t\t<p data-start=\"284\" data-end=\"337\"><strong data-start=\"287\" data-end=\"337\">S\u00e9ria 5 na seba nadv\u00e4zuj\u00facich online webin\u00e1rov!<\/strong><\/p><p data-start=\"736\" data-end=\"769\"><strong data-start=\"736\" data-end=\"747\">Term\u00edny:<\/strong>\u00a0<\/p><p data-start=\"736\" data-end=\"769\"><span style=\"color: #ff9900;\"><span style=\"font-size: 16px; caret-color: #c86f7e; font-family: Quicksand, sans-serif; font-weight: bold; text-align: center;\">24.04.-20.05.2026\u00a0<\/span><span style=\"caret-color: #c86f7e; font-family: Quicksand, sans-serif; font-size: 16px; font-weight: bold; text-align: center;\">(o 17:30hod)<\/span><\/span><span style=\"caret-color: #c86f7e; color: #c86f7e; font-family: Quicksand, sans-serif; font-size: 16px; font-weight: bold; text-align: center;\"><br \/><\/span><\/p><ol><li data-start=\"736\" data-end=\"769\">24.04.2026<\/li><li data-start=\"736\" data-end=\"769\">01.05.2026<\/li><li data-start=\"736\" data-end=\"769\">08.05.2026<\/li><li data-start=\"736\" data-end=\"769\">15.05.2026<\/li><li data-start=\"736\" data-end=\"769\">20.05.2026<\/li><\/ol><p data-start=\"146\" data-end=\"580\"><span style=\"color: #ff9900;\"><strong>17.09.-15.10.2026 (o 17:30 hod)<\/strong><\/span><\/p><ol><li data-start=\"146\" data-end=\"580\">17.09.2026<\/li><li data-start=\"146\" data-end=\"580\">24.09.2026<\/li><li data-start=\"146\" data-end=\"580\">01.10.2026<\/li><li data-start=\"146\" data-end=\"580\">08.10.2026<\/li><li data-start=\"146\" data-end=\"580\">15.10.2026<\/li><\/ol><p><span style=\"color: #ff9900;\"><strong>12.11-10.12.2026 (o 17:30 hod)<\/strong><\/span><\/p><ol><li>12.11.2026<\/li><li>19.11.2026<\/li><li>26.11.2026<\/li><li>03.12.2026<\/li><li>10.12.2026<\/li><\/ol><p data-start=\"146\" data-end=\"580\">Nau\u010d\u00edte sa vyu\u017e\u00edva\u0165 umel\u00fa inteligenciu krok za krokom \u2013 od \u00fapln\u00fdch z\u00e1kladov a\u017e po praktick\u00e9 vyu\u017eitie v pr\u00e1ci a podnikan\u00ed. Uk\u00e1\u017eeme si, ako pracova\u0165 s AI n\u00e1strojmi (ako je ChatGPT a \u010fal\u0161ie), ako si v\u00fdrazne zr\u00fdchli\u0165 pr\u00e1cu a u\u0161etri\u0165 \u010das, ako jednoducho tvori\u0165 texty, obr\u00e1zky \u010di obsah a ako vyu\u017ei\u0165 umel\u00fa inteligenciu re\u00e1lne v praxi alebo podnikan\u00ed. Je vhodn\u00fd aj pre \u00fapln\u00fdch za\u010diato\u010dn\u00edkov, bez predch\u00e1dzaj\u00facich sk\u00fasenost\u00ed s AI.<\/p><p data-start=\"901\" data-end=\"964\">Online webin\u00e1r je organizovan\u00fd <strong data-start=\"922\" data-end=\"963\">v spolupr\u00e1ci s Mas\u00e9rskou \u0161kolou ZAMAS<\/strong>.<\/p><p data-start=\"966\" data-end=\"1032\">Viac inform\u00e1ci\u00ed:<br data-start=\"982\" data-end=\"985\" \/><a href=\"https:\/\/www.zamas.sk\/webinare\/skola-umelej-inteligencie\/\">https:\/\/www.zamas.sk\/webinare\/skola-umelej-inteligencie\/<\/a><\/p><p><b>Tento kurz je mo\u017en\u00e9 absolvova\u0165 aj s vyu\u017eit\u00edm pr\u00edspevku IVU (Individu\u00e1lny vzdel\u00e1vac\u00ed \u00fa\u010det).<\/b><br \/>Pre z\u00edskanie pr\u00edspevku je potrebn\u00e9 sa najsk\u00f4r zaregistrova\u0165 ako ob\u010dan v syst\u00e9me IVU a n\u00e1sledne po\u017eiada\u0165 o podporu na vybran\u00fd kurz.<\/p><p><a href=\"https:\/\/vzdelavamsa.iedu.sk\/course-detail\/395\/11\">Zobrazi\u0165 kurz v syst\u00e9me IVU.<\/a><\/p>\t\t\t\t\t\t<\/div>\n\t\t\t\t<\/div>\n\t\t\t\t\t<\/div>\n\t\t<\/div>\n\t\t\t\t\t\t\t<\/div>\n\t\t<\/section>\n\t\t\t\t<div class=\"elementor-element elementor-element-452b273 elementor-widget-divider--view-line elementor-widget elementor-widget-divider\" data-id=\"452b273\" data-element_type=\"widget\" data-widget_type=\"divider.default\">\n\t\t\t\t<div class=\"elementor-widget-container\">\n\t\t\t\t\t<div class=\"elementor-divider\">\n\t\t\t<span class=\"elementor-divider-separator\">\n\t\t\t\t\t\t<\/span>\n\t\t<\/div>\n\t\t\t\t<\/div>\n\t\t\t\t<\/div>\n\t\t\t\t\t<\/div>\n\t\t<\/div>\n\t\t\t\t\t\t\t<\/div>\n\t\t<\/section>\n\t\t\t\t\t\t<\/div>\n\t\t\t\t\t<\/div>\n\t\t","protected":false},"excerpt":{"rendered":"<p>Online webin\u00e1re Slovensk\u00e1 komora mas\u00e9rskych slu\u017eieb a wellness pracovn\u00edkov organizuje online webin\u00e1re v spolupr\u00e1ci s Mas\u00e9rskou \u0161kolou ZAMAS. https:\/\/www.zamas.sk\/\u00a0 \u0160kola umelej inteligencie S\u00e9ria 5 na seba nadv\u00e4zuj\u00facich online webin\u00e1rov! Term\u00edny:\u00a0 24.04.-20.05.2026\u00a0(o 17:30hod) 24.04.2026 01.05.2026 08.05.2026 15.05.2026 20.05.2026 17.09.-15.10.2026 (o 17:30 hod) 17.09.2026 24.09.2026 01.10.2026 08.10.2026 15.10.2026 12.11-10.12.2026 (o 17:30 hod) 12.11.2026 19.11.2026 26.11.2026 03.12.2026 10.12.2026 &hellip;<\/p>\n<p class=\"read-more\"> <a class=\"\" href=\"https:\/\/komorawpms.sk\/?page_id=3430\"> <span class=\"screen-reader-text\">Online webin\u00e1re<\/span> \u010c\u00edtajte viac &raquo;<\/a><\/p>\n","protected":false},"author":1,"featured_media":0,"parent":3395,"menu_order":0,"comment_status":"closed","ping_status":"closed","template":"","meta":{"footnotes":""},"class_list":["post-3430","page","type-page","status-publish","hentry"],"_links":{"self":[{"href":"https:\/\/komorawpms.sk\/index.php?rest_route=\/wp\/v2\/pages\/3430","targetHints":{"allow":["GET"]}}],"collection":[{"href":"https:\/\/komorawpms.sk\/index.php?rest_route=\/wp\/v2\/pages"}],"about":[{"href":"https:\/\/komorawpms.sk\/index.php?rest_route=\/wp\/v2\/types\/page"}],"author":[{"embeddable":true,"href":"https:\/\/komorawpms.sk\/index.php?rest_route=\/wp\/v2\/users\/1"}],"replies":[{"embeddable":true,"href":"https:\/\/komorawpms.sk\/index.php?rest_route=%2Fwp%2Fv2%2Fcomments&post=3430"}],"version-history":[{"count":25,"href":"https:\/\/komorawpms.sk\/index.php?rest_route=\/wp\/v2\/pages\/3430\/revisions"}],"predecessor-version":[{"id":3505,"href":"https:\/\/komorawpms.sk\/index.php?rest_route=\/wp\/v2\/pages\/3430\/revisions\/3505"}],"up":[{"embeddable":true,"href":"https:\/\/komorawpms.sk\/index.php?rest_route=\/wp\/v2\/pages\/3395"}],"wp:attachment":[{"href":"https:\/\/komorawpms.sk\/index.php?rest_route=%2Fwp%2Fv2%2Fmedia&parent=3430"}],"curies":[{"name":"wp","href":"https:\/\/api.w.org\/{rel}","templated":true}]}}