{"id":3395,"date":"2026-03-19T13:54:51","date_gmt":"2026-03-19T12:54:51","guid":{"rendered":"https:\/\/komorawpms.sk\/?page_id=3395"},"modified":"2026-03-20T12:24:54","modified_gmt":"2026-03-20T11:24:54","slug":"vzdelavanie-2","status":"publish","type":"page","link":"https:\/\/komorawpms.sk\/?page_id=3395","title":{"rendered":"Vzdel\u00e1vanie"},"content":{"rendered":"\t\t<div data-elementor-type=\"wp-page\" data-elementor-id=\"3395\" class=\"elementor elementor-3395\" data-elementor-settings=\"[]\">\n\t\t\t\t\t\t\t<div class=\"elementor-section-wrap\">\n\t\t\t\t\t\t\t<section class=\"elementor-section elementor-top-section elementor-element elementor-element-48e9e70 elementor-section-boxed elementor-section-height-default elementor-section-height-default\" data-id=\"48e9e70\" data-element_type=\"section\" data-settings=\"{&quot;background_background&quot;:&quot;classic&quot;}\">\n\t\t\t\t\t\t\t<div class=\"elementor-background-overlay\"><\/div>\n\t\t\t\t\t\t\t<div class=\"elementor-container elementor-column-gap-no\">\n\t\t\t\t\t<div class=\"elementor-column elementor-col-100 elementor-top-column elementor-element elementor-element-4481634\" data-id=\"4481634\" data-element_type=\"column\">\n\t\t\t<div class=\"elementor-widget-wrap elementor-element-populated\">\n\t\t\t\t\t\t\t\t<div class=\"elementor-element elementor-element-9c78992 elementor-widget elementor-widget-heading\" data-id=\"9c78992\" data-element_type=\"widget\" data-widget_type=\"heading.default\">\n\t\t\t\t<div class=\"elementor-widget-container\">\n\t\t\t<h2 class=\"elementor-heading-title elementor-size-xl\">Vzdel\u00e1vanie<\/h2>\t\t<\/div>\n\t\t\t\t<\/div>\n\t\t\t\t<div class=\"elementor-element elementor-element-ec583f4 elementor-widget elementor-widget-text-editor\" data-id=\"ec583f4\" data-element_type=\"widget\" data-widget_type=\"text-editor.default\">\n\t\t\t\t<div class=\"elementor-widget-container\">\n\t\t\t\t\t\t\t<p data-start=\"614\" data-end=\"849\"><span style=\"color: #ffffff;\"><strong>Pon\u00fakame akreditovan\u00e9 aj neakreditovan\u00e9 kurzy a online webin\u00e1re zameran\u00e9 najm\u00e4 na oblas\u0165 mas\u00e9rskych a wellness slu\u017eieb, ako aj na oblas\u0165 umelej inteligencie. Vzdel\u00e1vanie je zameran\u00e9 na z\u00edskanie praktick\u00fdch zru\u010dnost\u00ed, odborn\u00fdch vedomost\u00ed a istoty pri pr\u00e1ci s klientom \u2013 pre za\u010diato\u010dn\u00edkov aj pokro\u010dil\u00fdch.<\/strong><\/span><\/p>\t\t\t\t\t\t<\/div>\n\t\t\t\t<\/div>\n\t\t\t\t<div class=\"elementor-element elementor-element-f225cb0 elementor-widget elementor-widget-text-editor\" data-id=\"f225cb0\" data-element_type=\"widget\" data-widget_type=\"text-editor.default\">\n\t\t\t\t<div class=\"elementor-widget-container\">\n\t\t\t\t\t\t\t<p><span style=\"color: #ffffff;\">\u010c\u00edslo akredit\u00e1cie: <strong>RPRG_2026_000123<\/strong><\/span><\/p><p><span style=\"color: #ffffff;\">\u010c\u00edslo certifik\u00e1cie: <strong>RCVI_2025_000106<\/strong><\/span><\/p>\t\t\t\t\t\t<\/div>\n\t\t\t\t<\/div>\n\t\t\t\t<div class=\"elementor-element elementor-element-8e91f9f elementor-widget elementor-widget-button\" data-id=\"8e91f9f\" data-element_type=\"widget\" data-widget_type=\"button.default\">\n\t\t\t\t<div class=\"elementor-widget-container\">\n\t\t\t\t\t<div class=\"elementor-button-wrapper\">\n\t\t\t<a href=\"https:\/\/komorawpms.sk\/?page_id=2695\" class=\"elementor-button-link elementor-button elementor-size-sm\" role=\"button\">\n\t\t\t\t\t\t<span class=\"elementor-button-content-wrapper\">\n\t\t\t\t\t\t<span class=\"elementor-button-text\">akreditovan\u00e9 kurzy<\/span>\n\t\t<\/span>\n\t\t\t\t\t<\/a>\n\t\t<\/div>\n\t\t\t\t<\/div>\n\t\t\t\t<\/div>\n\t\t\t\t<div class=\"elementor-element elementor-element-3adb6d3 elementor-widget elementor-widget-button\" data-id=\"3adb6d3\" data-element_type=\"widget\" data-widget_type=\"button.default\">\n\t\t\t\t<div class=\"elementor-widget-container\">\n\t\t\t\t\t<div class=\"elementor-button-wrapper\">\n\t\t\t<a href=\"https:\/\/komorawpms.sk\/?page_id=3351\" class=\"elementor-button-link elementor-button elementor-size-sm\" role=\"button\">\n\t\t\t\t\t\t<span class=\"elementor-button-content-wrapper\">\n\t\t\t\t\t\t<span class=\"elementor-button-text\">neakreditovan\u00e9 kurzy<\/span>\n\t\t<\/span>\n\t\t\t\t\t<\/a>\n\t\t<\/div>\n\t\t\t\t<\/div>\n\t\t\t\t<\/div>\n\t\t\t\t<div class=\"elementor-element elementor-element-8fcd87d elementor-widget elementor-widget-button\" data-id=\"8fcd87d\" data-element_type=\"widget\" data-widget_type=\"button.default\">\n\t\t\t\t<div class=\"elementor-widget-container\">\n\t\t\t\t\t<div class=\"elementor-button-wrapper\">\n\t\t\t<a href=\"https:\/\/komorawpms.sk\/?page_id=3430\" class=\"elementor-button-link elementor-button elementor-size-sm\" role=\"button\">\n\t\t\t\t\t\t<span class=\"elementor-button-content-wrapper\">\n\t\t\t\t\t\t<span class=\"elementor-button-text\">ONLINE WEBIN\u00c1RE<\/span>\n\t\t<\/span>\n\t\t\t\t\t<\/a>\n\t\t<\/div>\n\t\t\t\t<\/div>\n\t\t\t\t<\/div>\n\t\t\t\t<div class=\"elementor-element elementor-element-7db6cb4 elementor-widget elementor-widget-text-editor\" data-id=\"7db6cb4\" data-element_type=\"widget\" data-widget_type=\"text-editor.default\">\n\t\t\t\t<div class=\"elementor-widget-container\">\n\t\t\t\t\t\t\t\t\t\t\t\t\t<\/div>\n\t\t\t\t<\/div>\n\t\t\t\t\t<\/div>\n\t\t<\/div>\n\t\t\t\t\t\t\t<\/div>\n\t\t<\/section>\n\t\t\t\t\t\t<\/div>\n\t\t\t\t\t<\/div>\n\t\t","protected":false},"excerpt":{"rendered":"<p>Vzdel\u00e1vanie Pon\u00fakame akreditovan\u00e9 aj neakreditovan\u00e9 kurzy a online webin\u00e1re zameran\u00e9 najm\u00e4 na oblas\u0165 mas\u00e9rskych a wellness slu\u017eieb, ako aj na oblas\u0165 umelej inteligencie. Vzdel\u00e1vanie je zameran\u00e9 na z\u00edskanie praktick\u00fdch zru\u010dnost\u00ed, odborn\u00fdch vedomost\u00ed a istoty pri pr\u00e1ci s klientom \u2013 pre za\u010diato\u010dn\u00edkov aj pokro\u010dil\u00fdch. \u010c\u00edslo akredit\u00e1cie: RPRG_2026_000123 \u010c\u00edslo certifik\u00e1cie: RCVI_2025_000106 akreditovan\u00e9 kurzy neakreditovan\u00e9 kurzy ONLINE WEBIN\u00c1RE<\/p>\n","protected":false},"author":1,"featured_media":0,"parent":0,"menu_order":0,"comment_status":"closed","ping_status":"closed","template":"","meta":{"footnotes":""},"class_list":["post-3395","page","type-page","status-publish","hentry"],"_links":{"self":[{"href":"https:\/\/komorawpms.sk\/index.php?rest_route=\/wp\/v2\/pages\/3395","targetHints":{"allow":["GET"]}}],"collection":[{"href":"https:\/\/komorawpms.sk\/index.php?rest_route=\/wp\/v2\/pages"}],"about":[{"href":"https:\/\/komorawpms.sk\/index.php?rest_route=\/wp\/v2\/types\/page"}],"author":[{"embeddable":true,"href":"https:\/\/komorawpms.sk\/index.php?rest_route=\/wp\/v2\/users\/1"}],"replies":[{"embeddable":true,"href":"https:\/\/komorawpms.sk\/index.php?rest_route=%2Fwp%2Fv2%2Fcomments&post=3395"}],"version-history":[{"count":19,"href":"https:\/\/komorawpms.sk\/index.php?rest_route=\/wp\/v2\/pages\/3395\/revisions"}],"predecessor-version":[{"id":3444,"href":"https:\/\/komorawpms.sk\/index.php?rest_route=\/wp\/v2\/pages\/3395\/revisions\/3444"}],"wp:attachment":[{"href":"https:\/\/komorawpms.sk\/index.php?rest_route=%2Fwp%2Fv2%2Fmedia&parent=3395"}],"curies":[{"name":"wp","href":"https:\/\/api.w.org\/{rel}","templated":true}]}}