{"id":2695,"date":"2023-02-28T12:05:18","date_gmt":"2023-02-28T11:05:18","guid":{"rendered":"https:\/\/komorawpms.sk\/?page_id=2695"},"modified":"2026-04-15T10:57:14","modified_gmt":"2026-04-15T08:57:14","slug":"skusky-odbornej-sposobilosti","status":"publish","type":"page","link":"https:\/\/komorawpms.sk\/?page_id=2695","title":{"rendered":"Akreditovan\u00e9 kurzy"},"content":{"rendered":"\t\t<div data-elementor-type=\"wp-page\" data-elementor-id=\"2695\" class=\"elementor elementor-2695\" data-elementor-settings=\"[]\">\n\t\t\t\t\t\t\t<div class=\"elementor-section-wrap\">\n\t\t\t\t\t\t\t<section class=\"elementor-section elementor-top-section elementor-element elementor-element-48e9e70 elementor-section-boxed elementor-section-height-default elementor-section-height-default\" data-id=\"48e9e70\" data-element_type=\"section\" data-settings=\"{&quot;background_background&quot;:&quot;classic&quot;}\">\n\t\t\t\t\t\t\t<div class=\"elementor-background-overlay\"><\/div>\n\t\t\t\t\t\t\t<div class=\"elementor-container elementor-column-gap-no\">\n\t\t\t\t\t<div class=\"elementor-column elementor-col-100 elementor-top-column elementor-element elementor-element-4481634\" data-id=\"4481634\" data-element_type=\"column\">\n\t\t\t<div class=\"elementor-widget-wrap elementor-element-populated\">\n\t\t\t\t\t\t\t\t<div class=\"elementor-element elementor-element-9c78992 elementor-widget elementor-widget-heading\" data-id=\"9c78992\" data-element_type=\"widget\" data-widget_type=\"heading.default\">\n\t\t\t\t<div class=\"elementor-widget-container\">\n\t\t\t<h2 class=\"elementor-heading-title elementor-size-xl\">Akreditovan\u00fd kurz ministerstvom \u0161kolstva<\/h2>\t\t<\/div>\n\t\t\t\t<\/div>\n\t\t\t\t<div class=\"elementor-element elementor-element-7db6cb4 elementor-widget elementor-widget-text-editor\" data-id=\"7db6cb4\" data-element_type=\"widget\" data-widget_type=\"text-editor.default\">\n\t\t\t\t<div class=\"elementor-widget-container\">\n\t\t\t\t\t\t\t<p style=\"padding-left: 40px;\">Slovensk\u00e1 komora wellness pracovn\u00edkov a mas\u00e9rskych slu\u017eieb je op\u00e1vnena realizova\u0165 vzdel\u00e1vac\u00ed program: &#8220;<strong>Wellness mas\u00e9r \/ Wellness mas\u00e9rka&#8221;.<\/strong><\/p><p style=\"padding-left: 40px;\">\u010c\u00edslo akredit\u00e1cie: <strong>RPRG_2026_000123<\/strong><\/p><p style=\"padding-left: 40px;\">\u010c\u00edslo certifik\u00e1cie: <strong>RCVI_2025_000106<\/strong><\/p>\t\t\t\t\t\t<\/div>\n\t\t\t\t<\/div>\n\t\t\t\t\t<\/div>\n\t\t<\/div>\n\t\t\t\t\t\t\t<\/div>\n\t\t<\/section>\n\t\t\t\t<section class=\"elementor-section elementor-top-section elementor-element elementor-element-b67c3ee elementor-section-boxed elementor-section-height-default elementor-section-height-default\" data-id=\"b67c3ee\" data-element_type=\"section\">\n\t\t\t\t\t\t<div class=\"elementor-container elementor-column-gap-default\">\n\t\t\t\t\t<div class=\"elementor-column elementor-col-100 elementor-top-column elementor-element elementor-element-1dfe522\" data-id=\"1dfe522\" data-element_type=\"column\">\n\t\t\t<div class=\"elementor-widget-wrap elementor-element-populated\">\n\t\t\t\t\t\t\t\t<section class=\"elementor-section elementor-inner-section elementor-element elementor-element-52ffa17 elementor-section-boxed elementor-section-height-default elementor-section-height-default\" data-id=\"52ffa17\" data-element_type=\"section\">\n\t\t\t\t\t\t<div class=\"elementor-container elementor-column-gap-default\">\n\t\t\t\t\t<div class=\"elementor-column elementor-col-50 elementor-inner-column elementor-element elementor-element-67bbe52\" data-id=\"67bbe52\" data-element_type=\"column\">\n\t\t\t<div class=\"elementor-widget-wrap elementor-element-populated\">\n\t\t\t\t\t\t\t\t<div class=\"elementor-element elementor-element-55fcd57 elementor-widget elementor-widget-heading\" data-id=\"55fcd57\" data-element_type=\"widget\" data-widget_type=\"heading.default\">\n\t\t\t\t<div class=\"elementor-widget-container\">\n\t\t\t<h3 class=\"elementor-heading-title elementor-size-default\"><span style=\"font-size: 45px;\">Kurz \"Wellness mas\u00e9r \/ Wellness mas\u00e9rka\" <\/span><\/h3>\t\t<\/div>\n\t\t\t\t<\/div>\n\t\t\t\t\t<\/div>\n\t\t<\/div>\n\t\t\t\t<div class=\"elementor-column elementor-col-50 elementor-inner-column elementor-element elementor-element-0b9f03b\" data-id=\"0b9f03b\" data-element_type=\"column\">\n\t\t\t<div class=\"elementor-widget-wrap elementor-element-populated\">\n\t\t\t\t\t\t\t\t<div class=\"elementor-element elementor-element-68d81a1 elementor-widget elementor-widget-text-editor\" data-id=\"68d81a1\" data-element_type=\"widget\" data-widget_type=\"text-editor.default\">\n\t\t\t\t<div class=\"elementor-widget-container\">\n\t\t\t\t\t\t\t<h6>Rozsah<strong> kurzu: \u00a0320 vyu\u010dovac\u00edch hod\u00edn <\/strong><\/h6><p><span style=\"color: #000000;\">(kurz trv\u00e1 32 dni a je rozdelen\u00fd na 3 \u010dasti)<\/span><\/p><p><strong>Miesto realiz\u00e1cie kurzu:\u00a0<\/strong><span style=\"font-size: 1rem;\">Slovensk\u00e1 komora\u00a0<\/span><span style=\"font-size: 1rem;\">mas\u00e9rskych slu\u017eieb a\u00a0<\/span><span style=\"font-size: 1rem; font-style: inherit;\">wellness pracovn\u00edkov.\u00a0<\/span><\/p><p style=\"padding-left: 40px;\"><span style=\"font-size: 1rem;\">Pobo\u010dka\u00a0<\/span><span style=\"font-style: inherit;\">Vr\u00fatky:\u00a0<\/span><span style=\"font-style: inherit;\">\u00a0Sv. Cyrila a Metoda 25,\u00a0<\/span><span style=\"font-size: 1rem; font-style: inherit;\">Vr\u00fatky 03861<\/span><\/p><h6>Term\u00edny kurzu na rok 2026:<\/h6><p style=\"padding-left: 40px;\"><strong>apr\u00edlov\u00fd 29.04. &#8211; 09.06.2026<\/strong><br \/>I. \u010das\u0165: 29.04. &#8211; 10.05.2026<br \/>II.\u010das\u0165: 16.05. &#8211; 27.05.2026<br \/>III.\u010das\u0165: 02.06. &#8211; 09.06.2026<\/p><p style=\"padding-left: 40px;\"><span style=\"color: #000000;\"><strong><span style=\"font-size: 16px; caret-color: #000000; font-family: Quicksand, sans-serif; text-align: center;\">j\u00fanov\u00fd <\/span><span style=\"font-size: 16px; font-family: Quicksand, sans-serif; text-align: center;\">22.06. &#8211; 01.09.2026<\/span><\/strong><\/span><\/p><p style=\"padding-left: 40px;\">I. \u010das\u0165: 22.06. &#8211; 03.07.2026<br \/>II.\u010das\u0165: 03.08. &#8211; 14.08.2026<br \/>III.\u010das\u0165: 25.08. &#8211; 01.09.2026<\/p><p style=\"padding-left: 40px;\"><strong>septembrov\u00fd 14.09. &#8211; 10.11.2026<\/strong><\/p><p style=\"padding-left: 40px;\">I. \u010das\u0165: 14.09. &#8211; 25.09.2026<br \/>II.\u010das\u0165: 12.10. &#8211; 23.10.2026<br \/>III.\u010das\u0165: 03.11. &#8211; 10.11.2026<\/p><p data-start=\"70\" data-end=\"263\"><strong data-start=\"70\" data-end=\"263\">Absolvent vzdel\u00e1vacieho programu disponuje odborn\u00fdmi vedomos\u0165ami a praktick\u00fdmi zru\u010dnos\u0165ami v oblasti mas\u00e9rskych slu\u017eieb a je pripraven\u00fd vykon\u00e1va\u0165 profesiu wellness mas\u00e9r \/ wellness mas\u00e9rka.<\/strong><\/p><ul data-start=\"265\" data-end=\"1599\"><li data-section-id=\"r76i2h\" data-start=\"265\" data-end=\"374\"><p data-start=\"267\" data-end=\"374\">ovl\u00e1da z\u00e1klady anat\u00f3mie a fyziol\u00f3gie \u013eudsk\u00e9ho tela potrebn\u00e9 pre pr\u00e1cu wellness mas\u00e9ra \/ wellness mas\u00e9rky,<\/p><\/li><li data-section-id=\"v5g6ed\" data-start=\"375\" data-end=\"494\"><p data-start=\"377\" data-end=\"494\">z\u00edskava poznatky z patologickej fyziol\u00f3gie, najm\u00e4 v s\u00favislosti s funkciou nervovo-svalov\u00e9ho a lymfatick\u00e9ho syst\u00e9mu,<\/p><\/li><li data-section-id=\"l2o8g3\" data-start=\"495\" data-end=\"575\"><p data-start=\"497\" data-end=\"575\">dok\u00e1\u017ee pos\u00fadi\u0165 stav ko\u017en\u00e9ho krytu vo vz\u0165ahu k vykon\u00e1vaniu mas\u00e1\u017enych techn\u00edk,<\/p><\/li><li data-section-id=\"10qtezc\" data-start=\"576\" data-end=\"663\"><p data-start=\"578\" data-end=\"663\">pozn\u00e1 v\u0161eobecn\u00e9 aj \u0161pecifick\u00e9 kontraindik\u00e1cie jednotliv\u00fdch typov mas\u00e1\u017enych techn\u00edk,<\/p><\/li><li data-section-id=\"vukss\" data-start=\"665\" data-end=\"789\"><p data-start=\"667\" data-end=\"789\">ovl\u00e1da te\u00f3riu aj prax klasickej mas\u00e1\u017ee, z\u00e1kladn\u00e9 mas\u00e1\u017ene hmaty a ich varianty, ako aj vybran\u00e9 wellness mas\u00e1\u017ene techniky,<\/p><\/li><li data-section-id=\"3rsx0h\" data-start=\"790\" data-end=\"919\"><p data-start=\"792\" data-end=\"919\">nadobudnut\u00e9 vedomosti a zru\u010dnosti vie aplikova\u0165 v praxi a vyu\u017e\u00edva\u0165 ich pri zlep\u0161ovan\u00ed telesnej a psychickej kond\u00edcie klienta,<\/p><\/li><li data-section-id=\"rknud\" data-start=\"921\" data-end=\"1021\"><p data-start=\"923\" data-end=\"1021\">vie pou\u017e\u00edva\u0165 a odpor\u00fa\u010da\u0165 mas\u00e1\u017ene prostriedky, pri\u010dom pozn\u00e1 ich vlastnosti, v\u00fdhody aj obmedzenia,<\/p><\/li><li data-section-id=\"gob5nl\" data-start=\"1023\" data-end=\"1106\"><p data-start=\"1025\" data-end=\"1106\">ovl\u00e1da z\u00e1sady profesion\u00e1lnej komunik\u00e1cie s klientom a riadi sa etick\u00fdm k\u00f3dexom,<\/p><\/li><li data-section-id=\"mpssco\" data-start=\"1107\" data-end=\"1193\"><p data-start=\"1109\" data-end=\"1193\">je pripraven\u00fd poskytn\u00fa\u0165 prv\u00fa pomoc pri n\u00e1hlej zmene zdravotn\u00e9ho stavu alebo \u00faraze,<\/p><\/li><li data-section-id=\"ixeezb\" data-start=\"1194\" data-end=\"1264\"><p data-start=\"1196\" data-end=\"1264\">dodr\u017eiava z\u00e1sady hygieny, ochrany zdravia a bezpe\u010dnosti pri pr\u00e1ci,<\/p><\/li><li data-section-id=\"1hwubh8\" data-start=\"1266\" data-end=\"1304\"><p data-start=\"1268\" data-end=\"1304\">pozn\u00e1 z\u00e1sady a sp\u00f4soby saunovania,<\/p><\/li><li data-section-id=\"wyf0v\" data-start=\"1305\" data-end=\"1360\"><p data-start=\"1307\" data-end=\"1360\">ovl\u00e1da jednotliv\u00e9 f\u00e1zy a spr\u00e1vny postup saunovania,<\/p><\/li><li data-section-id=\"1pwu4n9\" data-start=\"1361\" data-end=\"1441\"><p data-start=\"1363\" data-end=\"1441\">vie odporu\u010di\u0165 vhodn\u00fd typ sauny a sp\u00f4sob ochladzovania pod\u013ea potrieb klienta,<\/p><\/li><li data-section-id=\"4r6r31\" data-start=\"1442\" data-end=\"1530\"><p data-start=\"1444\" data-end=\"1530\">je n\u00e1pomocn\u00fd pri realiz\u00e1cii saunov\u00fdch ritu\u00e1lov a zabezpe\u010den\u00ed pitn\u00e9ho re\u017eimu klienta,<\/p><\/li><li data-section-id=\"12px6nc\" data-start=\"1531\" data-end=\"1599\"><p data-start=\"1533\" data-end=\"1599\">pozn\u00e1 kontraindik\u00e1cie saunovania a vstupu do wellness zariaden\u00ed.<\/p><\/li><\/ul><hr data-start=\"1601\" data-end=\"1604\" \/><p data-start=\"1606\" data-end=\"1629\"><strong data-start=\"1606\" data-end=\"1621\">Cena kurzu:<\/strong> 1 150 \u20ac<\/p><p data-start=\"1631\" data-end=\"1783\"><strong data-start=\"1631\" data-end=\"1644\">Pozn\u00e1mka:<\/strong><br data-start=\"1644\" data-end=\"1647\" \/>Pokia\u013e m\u00e1te z\u00e1ujem o absolvovanie kurzu <em data-start=\"1687\" data-end=\"1724\">\u201eWellness mas\u00e9r \/ Wellness mas\u00e9rka\u201c<\/em> prostredn\u00edctvom projektov \u00daPSVaR, pros\u00edm, kontaktujte n\u00e1s.<\/p><hr data-start=\"1785\" data-end=\"1788\" \/><p data-start=\"1790\" data-end=\"1897\"><strong data-start=\"1790\" data-end=\"1897\">Kurz je ukon\u010den\u00fd p\u00edsomnou, \u00fastnou a praktickou sk\u00fa\u0161kou z mas\u00e9rskej praxe pod\u013ea hodnotiacich \u0161tandardov.<\/strong><\/p>\t\t\t\t\t\t<\/div>\n\t\t\t\t<\/div>\n\t\t\t\t<div class=\"elementor-element elementor-element-d5b178a elementor-widget elementor-widget-text-editor\" data-id=\"d5b178a\" data-element_type=\"widget\" data-widget_type=\"text-editor.default\">\n\t\t\t\t<div class=\"elementor-widget-container\">\n\t\t\t\t\t\t\t<h5 style=\"caret-color: #000000; font-style: normal;\"><b>Podmienky prijatia na kurz \u201eWellness mas\u00e9r \/ Wellness mas\u00e9rka\u201c<\/b><b><\/b><\/h5><ul style=\"caret-color: #000000; color: #000000; font-style: normal;\"><li><p class=\"p1\">Kurz je ur\u010den\u00fd pre dospel\u00e9 osoby od 18 rokov.<\/p><\/li><li><p class=\"p1\">Nie je potrebn\u00e9 ukon\u010den\u00e9 stredo\u0161kolsk\u00e9 vzdelanie \u2013 posta\u010duje ukon\u010den\u00e9 z\u00e1kladn\u00e9 vzdelanie (Z\u0160).<\/p><\/li><li><p class=\"p1\">Uch\u00e1dza\u010d mus\u00ed by\u0165 zdravotne sp\u00f4sobil\u00fd na v\u00fdkon mas\u00e9rskej \u010dinnosti.<\/p><\/li><li><p class=\"p1\">Kurz je pr\u00edstupn\u00fd pre ob\u010danov Slovenskej republiky aj cudzincov s povolen\u00edm na pobyt na \u00fazem\u00ed SR.<\/p><\/li><li><p class=\"p1\">\u010eal\u0161ie podmienky m\u00f4\u017eu by\u0165 stanoven\u00e9 poskytovate\u013eom vzdel\u00e1vania (napr\u00edklad vyplnenie prihl\u00e1\u0161ky).<\/p><\/li><\/ul><h6 style=\"caret-color: #000000; font-style: normal;\"><b>Podmienky vych\u00e1dzaj\u00fa zo z\u00e1kona \u010d. 292\/2024 Z. z. o vzdel\u00e1van\u00ed dospel\u00fdch.<\/b><\/h6><p style=\"text-align: left; padding-left: 40px;\"><span style=\"color: #000000; font-size: 12pt;\"><strong>\u00a0<\/strong><\/span><span style=\"color: #000000; font-size: 12pt; font-style: inherit;\">Tento kurz je ur\u010den\u00fd pre ka\u017ed\u00e9ho, kto sa chce vzdel\u00e1va\u0165 v oblasti mas\u00e1\u017e\u00ed, je roz\u0161\u00edren\u00fd o saunovanie a saunov\u00e9 ritu\u00e1ly, wellness etiketu, hygienu vo wellnesse &#8211; prakticky aj teoreticky.<\/span><\/p><p><span style=\"font-size: 12pt;\"><span style=\"color: #000000;\">Na prev\u00e1dzkovanie viazanej \u017eivnosti je potrebn\u00e1 odborn\u00e1 sp\u00f4sobilos\u0165 a t\u00fato je mo\u017en\u00e9 overi\u0165 len ak<\/span><span style=\"color: #000000;\"> je \u017eiadate\u013e absolventom akreditovan\u00e9ho kurzu <\/span><\/span><span style=\"color: #000000; font-size: 12pt;\"><em><strong>,, Wellness mas\u00e9r \/ \u00a0Wellness mas\u00e9rka&#8221;.\u00a0<\/strong><\/em><\/span><br \/><span style=\"color: #000000;\">Potvrdenie o akredit\u00e1cii mas\u00e9rskeho kurzu pre z\u00e1ujemcov absolvova\u0165 \u00a0kurz cez projekty UPSVaR<\/span>\u00a0n\u00e1jdete na str\u00e1nke Ministerstva \u0161kolstva.<\/p><p style=\"text-align: left;\"><span style=\"color: #000000; font-size: 12pt;\">Kurz realizujeme v prezen\u010dnej forme. \u00a0V\u00fdu\u010dba je od r\u00e1na 9.00 hod do \u00a0cca 19.00 hod. s 1,5 hod. prest\u00e1vkou na obed. <\/span><span style=\"color: #000000; font-size: 12pt;\">Medzi jednotliv\u00fdmi \u010das\u0165ami s\u00fa prest\u00e1vky na to, aby sa \u00fa\u010dastn\u00edci mohli doma u\u010di\u0165, tr\u00e9nova\u0165 a pripravova\u0165 sa na sk\u00fa\u0161ky.<\/span><\/p><h5><strong><span style=\"color: #000000;\">\u010co sa na kurze nau\u010d\u00edte:<\/span><\/strong><\/h5><ul><li><span style=\"color: #000000;\">Z\u00e1klady anat\u00f3mie a fyziol\u00f3gie \u010dloveka &#8211; TE\u00d3RIA<\/span><\/li><li><span style=\"color: #000000;\"><span style=\"font-size: 12pt;\">Z\u00e1klady z <\/span>patologickej fyziol\u00f3gie nervovo-svalov\u00e9ho syst\u00e9mu<span style=\"font-size: 12pt;\"> pri hodnoten\u00ed svalov\u00e9ho nap\u00e4tia &#8211; TE\u00d3RIA<\/span><\/span><\/li><li><span style=\"color: #000000;\">Fyziologick\u00e9 \u00fa\u010dinky<span style=\"font-size: 12pt;\"> mas\u00e1\u017ee &#8211; TE\u00d3RIA<\/span><\/span><\/li><li><span style=\"color: #000000;\">Mechanizmus<span style=\"font-size: 12pt;\"> a vyu\u017eitie mechanickej energie pri mas\u00e1\u017each &#8211; TE\u00d3RIA A PRAX<\/span><\/span><\/li><li><span style=\"color: #000000;\"><span style=\"font-size: 12pt;\">Celkovo a lok\u00e1lne <\/span>nevhodn\u00e9 postupy jednotliv\u00fdch<span style=\"font-size: 12pt;\"> typov <\/span>mas\u00e1\u017e\u00ed <span style=\"font-size: 12pt;\">&#8211; TE\u00d3RIA A PRAX<\/span><\/span><\/li><li><span style=\"color: #000000;\"><span style=\"font-size: 12pt;\">\u00a0Z\u00e1sady <\/span>bezpe\u010dnosti a ochrany zdravia pri pr\u00e1ci<span style=\"font-size: 12pt;\"> a pri ochrane \u017eivotn\u00e9ho prostredia &#8211; TE\u00d3RIA A PRAX<\/span><\/span><\/li><li><span style=\"color: #000000;\"><span style=\"font-size: 12pt;\">\u00a0Z\u00e1sady <\/span>hygieny a epidemiol\u00f3gie <span style=\"font-size: 12pt;\">dot\u00fdkaj\u00face sa osoby pracovn\u00edka, klienta, pracoviska, pr\u00edstrojov a pracovn\u00fdch pom\u00f4cok &#8211; TE\u00d3RIA <\/span><\/span><\/li><li><span style=\"color: #000000;\"><span style=\"font-size: 12pt;\">R\u00f4zne typy <\/span>mas\u00e1\u017enych prostriedkov<span style=\"font-size: 12pt;\">, ich \u00fa\u010dinky, v\u00fdhody, nev\u00fdhody a nevhodn\u00e9 postupy jednotliv\u00fdch typov- TE\u00d3RIA<\/span><\/span><\/li><li><span style=\"color: #000000;\"><span style=\"font-size: 12pt;\">\u00a0Typy <\/span>mas\u00e1\u017enych hmatov<span style=\"font-size: 12pt;\"> a ich varianty, <\/span>techniku prevedenia<span style=\"font-size: 12pt;\">, postupy <\/span>v jednotliv\u00fdch \u010dastiach \u013eudsk\u00e9ho tela<span style=\"font-size: 12pt;\"> a n\u00e1slednos\u0165 mas\u00e1\u017enych hmatov &#8211; TE\u00d3RIA A PRAX<\/span><\/span><\/li><li><span style=\"color: #000000;\"><span style=\"font-size: 12pt;\">\u00a0<\/span>Mas\u00e1\u017ene pom\u00f4cky<span style=\"font-size: 12pt;\">, pr\u00edstroje a zariadenia &#8211; TE\u00d3RIA <\/span><\/span><\/li><li><span style=\"color: #000000;\"><span style=\"font-size: 12pt;\">\u00a0Vhodn\u00e9 <\/span>postupy jednotliv\u00fdch typov mas\u00e1\u017ee<span style=\"font-size: 12pt;\"> a ich rozsah &#8211; TE\u00d3RIA A PRAX<\/span><\/span><\/li><li><span style=\"color: #000000;\"><span style=\"font-size: 12pt;\">\u00a0<\/span>Sp\u00f4soby odpo\u010dinku<span style=\"font-size: 12pt;\"> pri mas\u00e1\u017ei &#8211; TE\u00d3RIA A PRAX<\/span><\/span><\/li><li><span style=\"color: #000000;\"><span style=\"font-size: 12pt;\">\u00a0<\/span>V\u00fdznam relax\u00e1cie<span style=\"font-size: 12pt;\"> a jej vyu\u017eitie v prevencii chor\u00f4b a v regener\u00e1cii &#8211; TE\u00d3RIA<\/span><\/span><\/li><li><span style=\"color: #000000;\">Chod wellness<span style=\"font-size: 12pt;\"> zariadenia, <\/span>vodn\u00e9ho sveta<span style=\"font-size: 12pt;\"> a <\/span>relaxa\u010dn\u00e9ho centra<span style=\"font-size: 12pt;\"> a ich plynul\u00fa prev\u00e1dzku &#8211; TE\u00d3RIA A PRAX vo Wellnese<\/span><\/span><\/li><li><span style=\"color: #000000;\">Z\u00e1sady<span style=\"font-size: 12pt;\"> spr\u00e1vneho <\/span>saunovania<span style=\"font-size: 12pt;\">, sp\u00f4soby saunovania a <\/span>vplyv saunovania<span style=\"font-size: 12pt;\"> na organizmus &#8211; TE\u00d3RIA A PRAX<\/span><\/span><\/li><li><span style=\"color: #000000;\">Vhodn\u00e9<span style=\"font-size: 16px;\"> a nevhodn\u00e9 <\/span>postupy saunovania<span style=\"font-size: 16px;\"> &#8211; TE\u00d3RIA A PRAX<\/span><\/span><\/li><li><span style=\"color: #000000;\">Saunov\u00e9 ritu\u00e1ly &#8211; <span style=\"font-size: 16px;\">TE\u00d3RIA A PRAX<\/span><\/span><\/li><li><span style=\"color: #000000;\">Vhodn\u00e9<span style=\"font-size: 12pt;\"> a <\/span>nevhodn\u00e9<span style=\"font-size: 12pt;\"> sp\u00f4soby <\/span>vstupu do wellness zariadenia<span style=\"font-size: 12pt;\">, vodn\u00e9ho sveta a relaxa\u010dn\u00e9ho sveta &#8211; TE\u00d3RIA A PRAX<\/span><\/span><\/li><li><span style=\"color: #000000;\">Sp\u00f4soby odpo\u010dinku<span style=\"font-size: 12pt;\"> po saunovan\u00ed &#8211; TE\u00d3RIA A PRAX<\/span><\/span><\/li><li><span style=\"color: #000000;\"><span style=\"font-size: 12pt;\">\u00a0Z\u00e1kladn\u00fd <\/span>protokol<span style=\"font-size: 12pt;\"> slu\u0161n\u00e9ho a diskr\u00e9tneho spr\u00e1vania, individu\u00e1lny pr\u00edstup a ochranu osobn\u00fdch \u00fadajov\u00a0\u00a0 klienta &#8211; TE\u00d3RIA A PRAX<\/span><\/span><\/li><li><span style=\"color: #000000;\">Marketing pre mas\u00e9ra: <span style=\"font-size: 12pt;\">v\u0161etko od zalo\u017eenia firmy, <\/span><span style=\"font-size: 12pt;\">\u00a0 \u00a0z\u00edskavanie z\u00e1kazn\u00edkov,<\/span><span style=\"font-size: 12pt;\"> image firmy, <\/span><span style=\"font-size: 12pt;\">vybudovanie reput\u00e1cie, r<\/span><span style=\"font-size: 12pt;\">eklama printov\u00e1, <\/span><span style=\"font-size: 12pt;\">online reklama a <\/span><span style=\"font-size: 12pt;\">online prezent\u00e1cia vlastn\u00e9ho sal\u00f3nu platen\u00e1 <\/span><span style=\"font-size: 12pt;\">a neplaten\u00e1 &#8211; TE\u00d3RIA A PRAX<\/span><\/span><\/li><li><span style=\"color: #000000;\">Prv\u00e1 pomoc<span style=\"font-size: 12pt;\"> &#8211;\u00a0TE\u00d3RIA A PRAX- celodenn\u00fd n\u00e1cvik<\/span><\/span><\/li><li><span style=\"color: #000000;\">PRAKTICK\u00c1 \u010cAS\u0164 Saunovania a \u010das\u0165 praxe Saunov\u00fdch ritu\u00e1lov, prebieha v priestoroch <a style=\"color: #000000;\" href=\"https:\/\/www.soho1wellness.sk\" target=\"_blank\" rel=\"noopener\">Soho1 Wellness \u017dilina.<\/a><\/span><\/li><li>\u00a0<\/li><\/ul><p><img loading=\"lazy\" decoding=\"async\" class=\"aligncenter\" src=\"https:\/\/www.zamas.sk\/web_object\/1774_s.jpg\" width=\"328\" height=\"186\" \/><\/p><p style=\"text-align: left;\">\u00da\u010dastn\u00edci si dopl\u00e1caj\u00fa \u010diastku za \u00a0vstup do wellness zariadenia.<span style=\"font-size: 12pt;\"><strong><br \/><\/strong><\/span><\/p><h2 data-section-id=\"kl9f42\" data-start=\"3443\" data-end=\"3470\"><span style=\"color: #000000;\"><strong data-start=\"3446\" data-end=\"3470\">V cene kurzu z\u00edskate<\/strong><\/span><\/h2><p><span style=\"color: #000000;\">vstup do \u0161tudentskej sekcie s kompletnou anat\u00f3miou a fyziol\u00f3giou, testami, videami a audio postupmi<\/span><\/p><p data-start=\"3578\" data-end=\"3615\"><span style=\"color: #000000;\">tla\u010den\u00e9 skript\u00e1 s p\u00edsan\u00fdmi postupmi<\/span><\/p><p data-start=\"3620\" data-end=\"3752\"><span style=\"color: #000000;\">pre zrakovo znev\u00fdhodnen\u00fdch vieme zabezpe\u010di\u0165 elektronick\u00fa formu alebo Braillovo p\u00edsmo (po dohode a v dostato\u010dnom \u010dasovom predstihu)<\/span><\/p><p data-start=\"3755\" data-end=\"3815\"><span style=\"color: #000000;\">preh\u013eadn\u00fa bro\u017e\u00faru s podrobn\u00fdm popisom s\u00fastav \u013eudsk\u00e9ho tela<\/span><\/p><p data-start=\"3818\" data-end=\"3837\"><span style=\"color: #000000;\">praktick\u00e9 pom\u00f4cky<\/span><\/p><p data-start=\"3840\" data-end=\"3902\"><span style=\"color: #000000;\">certifik\u00e1ty o ukon\u010den\u00ed akreditovan\u00e9ho vzdel\u00e1vacieho programu<\/span><\/p>\t\t\t\t\t\t<\/div>\n\t\t\t\t<\/div>\n\t\t\t\t\t<\/div>\n\t\t<\/div>\n\t\t\t\t\t\t\t<\/div>\n\t\t<\/section>\n\t\t\t\t\t<\/div>\n\t\t<\/div>\n\t\t\t\t\t\t\t<\/div>\n\t\t<\/section>\n\t\t\t\t\t\t<\/div>\n\t\t\t\t\t<\/div>\n\t\t","protected":false},"excerpt":{"rendered":"<p>Akreditovan\u00fd kurz ministerstvom \u0161kolstva Slovensk\u00e1 komora wellness pracovn\u00edkov a mas\u00e9rskych slu\u017eieb je op\u00e1vnena realizova\u0165 vzdel\u00e1vac\u00ed program: &#8220;Wellness mas\u00e9r \/ Wellness mas\u00e9rka&#8221;. \u010c\u00edslo akredit\u00e1cie: RPRG_2026_000123 \u010c\u00edslo certifik\u00e1cie: RCVI_2025_000106 Kurz &#8220;Wellness mas\u00e9r \/ Wellness mas\u00e9rka&#8221; Rozsah kurzu: \u00a0320 vyu\u010dovac\u00edch hod\u00edn (kurz trv\u00e1 32 dni a je rozdelen\u00fd na 3 \u010dasti) Miesto realiz\u00e1cie kurzu:\u00a0Slovensk\u00e1 komora\u00a0mas\u00e9rskych slu\u017eieb a\u00a0wellness pracovn\u00edkov.\u00a0 &hellip;<\/p>\n<p class=\"read-more\"> <a class=\"\" href=\"https:\/\/komorawpms.sk\/?page_id=2695\"> <span class=\"screen-reader-text\">Akreditovan\u00e9 kurzy<\/span> \u010c\u00edtajte viac &raquo;<\/a><\/p>\n","protected":false},"author":1,"featured_media":0,"parent":3395,"menu_order":0,"comment_status":"closed","ping_status":"closed","template":"","meta":{"footnotes":""},"class_list":["post-2695","page","type-page","status-publish","hentry"],"_links":{"self":[{"href":"https:\/\/komorawpms.sk\/index.php?rest_route=\/wp\/v2\/pages\/2695","targetHints":{"allow":["GET"]}}],"collection":[{"href":"https:\/\/komorawpms.sk\/index.php?rest_route=\/wp\/v2\/pages"}],"about":[{"href":"https:\/\/komorawpms.sk\/index.php?rest_route=\/wp\/v2\/types\/page"}],"author":[{"embeddable":true,"href":"https:\/\/komorawpms.sk\/index.php?rest_route=\/wp\/v2\/users\/1"}],"replies":[{"embeddable":true,"href":"https:\/\/komorawpms.sk\/index.php?rest_route=%2Fwp%2Fv2%2Fcomments&post=2695"}],"version-history":[{"count":111,"href":"https:\/\/komorawpms.sk\/index.php?rest_route=\/wp\/v2\/pages\/2695\/revisions"}],"predecessor-version":[{"id":3537,"href":"https:\/\/komorawpms.sk\/index.php?rest_route=\/wp\/v2\/pages\/2695\/revisions\/3537"}],"up":[{"embeddable":true,"href":"https:\/\/komorawpms.sk\/index.php?rest_route=\/wp\/v2\/pages\/3395"}],"wp:attachment":[{"href":"https:\/\/komorawpms.sk\/index.php?rest_route=%2Fwp%2Fv2%2Fmedia&parent=2695"}],"curies":[{"name":"wp","href":"https:\/\/api.w.org\/{rel}","templated":true}]}}